{"id":1600,"date":"2018-03-31T02:15:30","date_gmt":"2018-03-31T02:15:30","guid":{"rendered":"https:\/\/reality03.sdemo.site\/?page_id=1600"},"modified":"2024-10-01T00:59:18","modified_gmt":"2024-10-01T00:59:18","slug":"nosotros","status":"publish","type":"page","link":"https:\/\/amspropiedades.cl\/index.php\/nosotros\/","title":{"rendered":"Nosotros"},"content":{"rendered":"<section class=\"wpb-content-wrapper\"><p>[vc_row iw_layout=\u00bbwide-bg\u00bb css=\u00bb.vc_custom_1523595317750{padding-top: 55px !important;padding-bottom: 125px !important;background-color: #ffffff !important;}\u00bb][vc_column width=\u00bb2\/3&#8243; css=\u00bb.vc_custom_1727659541608{padding-bottom: 10px !important;}\u00bb]<div class=\"iw-heading vc_custom_1523595317750 style1 \" style=\"width: 100%\"><h1 class=\"iwh-title\" style=\"\"><strong><span class=\"theme-color\">AMS<\/span> Propiedades:<\/strong> una empresa de corretaje prestigiosa, cercana y transparente<\/h1><div class=\"iwh-description\" style=\"font-size: 20px\">AMS Propiedades es una Empresa de Corretaje nacida en San Carlos (\u00d1uble), el a\u00f1o 2014 a manos de Ana Mar\u00eda Moraga, profesional del \u00e1rea educacional, con estudios y certificaci\u00f3n de corredora de propiedades.<br \/><br \/>\nEsta empresa brinda servicios de <strong>Compra, Venta, Arriendo y Administraci\u00f3n de propiedades<\/strong> en diversas regiones del pa\u00eds, concentrando sus operaciones en la comuna de <strong>San Carlos<\/strong>.<br \/><br \/>\nSu prestigio es fruto de un \u00e1rduo trabajo por <strong>m\u00e1s de 10 a\u00f1os<\/strong>, sumado al respaldo y confianza por parte de sus clientes.<\/div><\/div>[\/vc_column][vc_column width=\u00bb1\/3&#8243;][vc_single_image image=\u00bb3811&#8243; img_size=\u00bbfull\u00bb add_caption=\u00bbyes\u00bb css_animation=\u00bbbounceIn\u00bb css=\u00bb.vc_custom_1727658306884{margin-top: 100px !important;}\u00bb][\/vc_column][\/vc_row][vc_row css=\u00bb.vc_custom_1705293043180{background-color: #ffffff !important;}\u00bb][vc_column][vc_text_separator title=\u00bb\u00bb color=\u00bbpink\u00bb style=\u00bbdashed\u00bb border_width=\u00bb3&#8243;]<div class=\"iw-boxed style-6 \"><div class=\"iw-boxed-inner row iwp-match-height\"><div class=\"iw-boxed-item  col-md-6 col-sm-6 col-xs-12\"><div class=\"item-content-wrap\"><div class=\"item-info-icon\"><span class=\"button-icon theme-color\"><i  class=\"fa fa-dot-circle-o\"><\/i><\/span><\/div><div class=\"item-info-content\"><h3 class=\"iw-item-title\" style=\"color: #dd3333\">Misi\u00f3n<\/h3><div class=\"iw-item-desc\" >Brindar un servicio de corretaje de propiedades de primer nivel, dando \u00e9nfasis a las necesidades de nuestros clientes, velando por los intereses del comprador y del vendedor.<\/div><\/div><div class=\"clearfix\"><\/div><\/div><\/div><div class=\"iw-boxed-item  col-md-6 col-sm-6 col-xs-12\"><div class=\"item-content-wrap\"><div class=\"item-info-icon\"><span class=\"button-icon theme-color\"><i  class=\"fa fa-eye\"><\/i><\/span><\/div><div class=\"item-info-content\"><h3 class=\"iw-item-title\" style=\"color: #dd3333\">Visi\u00f3n<\/h3><div class=\"iw-item-desc\" >Ser la empresa de corretaje de propiedades con el mejor servicio de la regi\u00f3n. \u200c<\/div><\/div><div class=\"clearfix\"><\/div><\/div><\/div><\/div><\/div>[vc_text_separator title=\u00bb\u00bb color=\u00bbpink\u00bb style=\u00bbdashed\u00bb border_width=\u00bb3&#8243;][\/vc_column][\/vc_row][vc_row iw_layout=\u00bbwide-bg\u00bb css=\u00bb.vc_custom_1524559472624{padding-top: 55px !important;padding-bottom: 75px !important;background-image: url(https:\/\/reality03.sdemo.site\/wp-content\/uploads\/2018\/04\/bg-testimonials-02.png?id=1677) !important;}\u00bb][vc_column]<div class=\"iw-heading  style4 vc_custom_1727744355370 text-center\" style=\"\"><h3 class=\"iwh-title\" style=\"\">\u00bfQu\u00e9 ofrecemos?<\/h3><div class=\"iwh-description\" style=\"\">Nuestros servicios:<\/div><\/div><div class=\"iw-boxed style-4 \"><div class=\"iw-boxed-inner row iwp-match-height\"><div class=\"iw-boxed-item  col-md-4 col-sm-6 col-xs-12\"><div class=\"item-content-wrap\"><div class=\"item-info-icon\"><span class=\"button-icon theme-color\"><i  class=\"ion-android-checkmark-circle\"><\/i><\/span><\/div><div class=\"item-info-content\"><h3 class=\"iw-item-title\" >Asesor\u00edas en venta, compra y arriendo de propiedades<\/h3><\/div><div class=\"clearfix\"><\/div><\/div><\/div><div class=\"iw-boxed-item  col-md-4 col-sm-6 col-xs-12\"><div class=\"item-content-wrap\"><div class=\"item-info-icon\"><span class=\"button-icon theme-color\"><i  class=\"ion-android-checkmark-circle\"><\/i><\/span><\/div><div class=\"item-info-content\"><h3 class=\"iw-item-title\" >Administraci\u00f3n de arriendos<\/h3><\/div><div class=\"clearfix\"><\/div><\/div><\/div><div class=\"iw-boxed-item  col-md-4 col-sm-6 col-xs-12\"><div class=\"item-content-wrap\"><div class=\"item-info-icon\"><span class=\"button-icon theme-color\"><i  class=\"ion-android-checkmark-circle\"><\/i><\/span><\/div><div class=\"item-info-content\"><h3 class=\"iw-item-title\" >Regularizaci\u00f3n de propiedades<\/h3><\/div><div class=\"clearfix\"><\/div><\/div><\/div><\/div><\/div><div class=\"iw-boxed style-4 \"><div class=\"iw-boxed-inner row iwp-match-height\"><div class=\"iw-boxed-item  col-md-4 col-sm-6 col-xs-12\"><div class=\"item-content-wrap\"><div class=\"item-info-icon\"><span class=\"button-icon theme-color\"><i  class=\"ion-android-checkmark-circle\"><\/i><\/span><\/div><div class=\"item-info-content\"><h3 class=\"iw-item-title\" >Tasaciones comerciales<\/h3><\/div><div class=\"clearfix\"><\/div><\/div><\/div><div class=\"iw-boxed-item  col-md-4 col-sm-6 col-xs-12\"><div class=\"item-content-wrap\"><div class=\"item-info-icon\"><span class=\"button-icon theme-color\"><i  class=\"ion-android-checkmark-circle\"><\/i><\/span><\/div><div class=\"item-info-content\"><h3 class=\"iw-item-title\" >Asesor\u00edas legales<\/h3><\/div><div class=\"clearfix\"><\/div><\/div><\/div><\/div><\/div>[\/vc_column][\/vc_row]<\/p>\n<\/section>","protected":false},"excerpt":{"rendered":"<p>[vc_row iw_layout=\u00bbwide-bg\u00bb css=\u00bb.vc_custom_1523595317750{padding-top: 55px !important;padding-bottom: 125px !important;background-color: #ffffff !important;}\u00bb][vc_column width=\u00bb2\/3&#8243; css=\u00bb.vc_custom_1727659541608{padding-bottom: 10px !important;}\u00bb][\/vc_column][vc_column width=\u00bb1\/3&#8243;][vc_single_image image=\u00bb3811&#8243; img_size=\u00bbfull\u00bb add_caption=\u00bbyes\u00bb css_animation=\u00bbbounceIn\u00bb css=\u00bb.vc_custom_1727658306884{margin-top: 100px !important;}\u00bb][\/vc_column][\/vc_row][vc_row css=\u00bb.vc_custom_1705293043180{background-color: #ffffff !important;}\u00bb][vc_column][vc_text_separator title=\u00bb\u00bb color=\u00bbpink\u00bb style=\u00bbdashed\u00bb border_width=\u00bb3&#8243;][vc_text_separator title=\u00bb\u00bb color=\u00bbpink\u00bb style=\u00bbdashed\u00bb border_width=\u00bb3&#8243;][\/vc_column][\/vc_row][vc_row iw_layout=\u00bbwide-bg\u00bb css=\u00bb.vc_custom_1524559472624{padding-top: 55px !important;padding-bottom: 75px !important;background-image: url(https:\/\/reality03.sdemo.site\/wp-content\/uploads\/2018\/04\/bg-testimonials-02.png?id=1677) !important;}\u00bb][vc_column][\/vc_column][\/vc_row]<\/p>\n","protected":false},"author":1,"featured_media":0,"parent":0,"menu_order":0,"comment_status":"closed","ping_status":"closed","template":"page-templates\/full-width-page.php","meta":{"footnotes":""},"class_list":["post-1600","page","type-page","status-publish","hentry"],"_links":{"self":[{"href":"https:\/\/amspropiedades.cl\/index.php\/wp-json\/wp\/v2\/pages\/1600","targetHints":{"allow":["GET"]}}],"collection":[{"href":"https:\/\/amspropiedades.cl\/index.php\/wp-json\/wp\/v2\/pages"}],"about":[{"href":"https:\/\/amspropiedades.cl\/index.php\/wp-json\/wp\/v2\/types\/page"}],"author":[{"embeddable":true,"href":"https:\/\/amspropiedades.cl\/index.php\/wp-json\/wp\/v2\/users\/1"}],"replies":[{"embeddable":true,"href":"https:\/\/amspropiedades.cl\/index.php\/wp-json\/wp\/v2\/comments?post=1600"}],"version-history":[{"count":97,"href":"https:\/\/amspropiedades.cl\/index.php\/wp-json\/wp\/v2\/pages\/1600\/revisions"}],"predecessor-version":[{"id":3829,"href":"https:\/\/amspropiedades.cl\/index.php\/wp-json\/wp\/v2\/pages\/1600\/revisions\/3829"}],"wp:attachment":[{"href":"https:\/\/amspropiedades.cl\/index.php\/wp-json\/wp\/v2\/media?parent=1600"}],"curies":[{"name":"wp","href":"https:\/\/api.w.org\/{rel}","templated":true}]}}